{"id":20,"date":"2026-02-08T16:45:43","date_gmt":"2026-02-08T15:45:43","guid":{"rendered":"https:\/\/deuslex.de\/?page_id=20"},"modified":"2026-02-22T23:22:14","modified_gmt":"2026-02-22T22:22:14","slug":"leistungen","status":"publish","type":"page","link":"https:\/\/deuslex.de\/en\/leistungen\/","title":{"rendered":"Services"},"content":{"rendered":"<hr class=\"wp-block-separator alignwide has-alpha-channel-opacity\"\/>\n\n\n\n<div class=\"wp-block-group alignwide has-global-padding is-layout-constrained wp-block-group-is-layout-constrained\">\n<h1 class=\"wp-block-heading has-text-align-center\"><strong>Services<\/strong><\/h1>\n\n\n\n<div class=\"wp-block-group alignwide has-global-padding is-layout-constrained wp-block-group-is-layout-constrained\">\n<p class=\"has-text-align-center\">For anyone who wants to present themselves professionally and generate more inquiries.<\/p>\n\n\n\n<div class=\"wp-block-group alignwide is-content-justification-center is-nowrap is-layout-flex wp-container-core-group-is-layout-23441af8 wp-block-group-is-layout-flex\">\n<h2 class=\"wp-block-heading has-text-align-center is-style-text-annotation is-style-text-annotation--1\"><strong>Freelancers<\/strong><br>Clear presentation. Focus on inquiry.<\/h2>\n\n\n\n<h2 class=\"wp-block-heading has-text-align-center is-style-text-annotation is-style-text-annotation--2\"><strong>Service provider<\/strong><br>Services understandable. Less Questions.<\/h2>\n\n\n\n<h2 class=\"wp-block-heading has-text-align-center is-style-text-annotation is-style-text-annotation--3\"><strong>Small companies<\/strong><br>Reputable and stable. Clear structure.<\/h2>\n\n\n\n<h2 class=\"wp-block-heading has-text-align-center is-style-text-annotation is-style-text-annotation--4\"><strong>Startups<\/strong><br>Quickly online. Expandable in the future<\/h2>\n<\/div>\n\n\n\n<hr class=\"wp-block-separator has-alpha-channel-opacity\"\/>\n<\/div>\n\n\n\n<div style=\"height:15px\" aria-hidden=\"true\" class=\"wp-block-spacer\"><\/div>\n\n\n\n<p class=\"has-text-align-center\">You start with a website sprint. Then you decide whether support or growth makes sense. Clear process, clean technology, focus on inquiries.<\/p>\n\n\n\n<div style=\"height:5px\" aria-hidden=\"true\" class=\"wp-block-spacer\"><\/div>\n\n\n\n<div class=\"wp-block-columns alignwide is-layout-flex wp-container-core-columns-is-layout-28f84493 wp-block-columns-is-layout-flex\">\n<div class=\"wp-block-column is-vertically-aligned-top is-layout-flow wp-block-column-is-layout-flow\" style=\"border-width:1px;border-top-left-radius:60px;border-top-right-radius:60px;border-bottom-left-radius:60px;border-bottom-right-radius:60px;padding-top:5px;padding-bottom:5px\">\n<div class=\"wp-block-group is-content-justification-center is-nowrap is-layout-flex wp-container-core-group-is-layout-23441af8 wp-block-group-is-layout-flex\">\n<figure class=\"wp-block-image size-full wp-container-content-e1bb55cb\"><img loading=\"lazy\" decoding=\"async\" width=\"512\" height=\"512\" src=\"https:\/\/deuslex.de\/wp-content\/uploads\/2025\/12\/01-sprint-zap-1.png\" alt=\"\" class=\"wp-image-111\" srcset=\"https:\/\/deuslex.de\/wp-content\/uploads\/2025\/12\/01-sprint-zap-1.png 512w, https:\/\/deuslex.de\/wp-content\/uploads\/2025\/12\/01-sprint-zap-1-300x300.png 300w, https:\/\/deuslex.de\/wp-content\/uploads\/2025\/12\/01-sprint-zap-1-150x150.png 150w, https:\/\/deuslex.de\/wp-content\/uploads\/2025\/12\/01-sprint-zap-1-12x12.png 12w\" sizes=\"auto, (max-width: 512px) 100vw, 512px\" \/><\/figure>\n\n\n\n<h2 class=\"wp-block-heading\" style=\"font-size:clamp(17.905px, 1.119rem + ((1vw - 3.2px) * 0.99), 28px);\"><strong>Website Sprint<\/strong><\/h2>\n<\/div>\n\n\n\n<h5 class=\"wp-block-heading has-text-align-center\">7 to 10 days<\/h5>\n\n\n\n<p class=\"has-text-align-center\">For anyone who needs a sleek, professional website quickly.<\/p>\n\n\n\n<hr class=\"wp-block-separator has-alpha-channel-opacity\"\/>\n\n\n\n<ul class=\"wp-block-list is-style-checkmark-list\">\n<li>Implementation in WordPress<\/li>\n\n\n\n<li>Mobile-optimized and fast<\/li>\n\n\n\n<li>Contact area with clear request<\/li>\n\n\n\n<li>Basic SEO Setup<\/li>\n<\/ul>\n\n\n\n<div class=\"wp-block-buttons is-horizontal is-content-justification-center is-layout-flex wp-container-core-buttons-is-layout-13aae253 wp-block-buttons-is-layout-flex\">\n<div class=\"wp-block-button\"><a class=\"wp-block-button__link wp-element-button\" href=\"https:\/\/deuslex.de\/en\/websitesprint\/\">Sprint view<\/a><\/div>\n<\/div>\n<\/div>\n\n\n\n<div class=\"wp-block-column is-vertically-aligned-top is-layout-flow wp-block-column-is-layout-flow\" style=\"border-width:1px;border-top-left-radius:60px;border-top-right-radius:60px;border-bottom-left-radius:60px;border-bottom-right-radius:60px;padding-top:5px;padding-bottom:5px\">\n<div class=\"wp-block-group is-content-justification-center is-nowrap is-layout-flex wp-container-core-group-is-layout-23441af8 wp-block-group-is-layout-flex\">\n<figure class=\"wp-block-image size-full wp-container-content-e1bb55cb\"><img loading=\"lazy\" decoding=\"async\" width=\"512\" height=\"512\" src=\"https:\/\/deuslex.de\/wp-content\/uploads\/2025\/12\/02-care-shield-check.png\" alt=\"\" class=\"wp-image-112\" srcset=\"https:\/\/deuslex.de\/wp-content\/uploads\/2025\/12\/02-care-shield-check.png 512w, https:\/\/deuslex.de\/wp-content\/uploads\/2025\/12\/02-care-shield-check-300x300.png 300w, https:\/\/deuslex.de\/wp-content\/uploads\/2025\/12\/02-care-shield-check-150x150.png 150w, https:\/\/deuslex.de\/wp-content\/uploads\/2025\/12\/02-care-shield-check-12x12.png 12w\" sizes=\"auto, (max-width: 512px) 100vw, 512px\" \/><\/figure>\n\n\n\n<h2 class=\"wp-block-heading\" style=\"font-size:clamp(17.905px, 1.119rem + ((1vw - 3.2px) * 0.99), 28px);\"><strong>Care Plan<\/strong><\/h2>\n<\/div>\n\n\n\n<h5 class=\"wp-block-heading has-text-align-center\">continuously<\/h5>\n\n\n\n<p class=\"has-text-align-center\">So that your website remains stable and you don't have to worry about changes.<\/p>\n\n\n\n<hr class=\"wp-block-separator has-alpha-channel-opacity\"\/>\n\n\n\n<ul class=\"wp-block-list is-style-checkmark-list\">\n<li>Updates and security checks<\/li>\n\n\n\n<li>Backups and recovery<\/li>\n\n\n\n<li>Minor changes included<\/li>\n\n\n\n<li>Quick support if required<\/li>\n<\/ul>\n\n\n\n<div class=\"wp-block-buttons is-horizontal is-content-justification-center is-layout-flex wp-container-core-buttons-is-layout-13aae253 wp-block-buttons-is-layout-flex\">\n<div class=\"wp-block-button\"><a class=\"wp-block-button__link wp-element-button\" href=\"https:\/\/deuslex.de\/en\/careplan\/\">Care Plan to watch<\/a><\/div>\n<\/div>\n<\/div>\n\n\n\n<div class=\"wp-block-column is-vertically-aligned-top is-layout-flow wp-block-column-is-layout-flow\" style=\"border-width:1px;border-top-left-radius:60px;border-top-right-radius:60px;border-bottom-left-radius:60px;border-bottom-right-radius:60px;padding-top:5px;padding-bottom:5px\">\n<div class=\"wp-block-group is-content-justification-center is-nowrap is-layout-flex wp-container-core-group-is-layout-9193781b wp-block-group-is-layout-flex\">\n<figure class=\"wp-block-image size-full wp-container-content-e1bb55cb\"><img loading=\"lazy\" decoding=\"async\" width=\"512\" height=\"512\" src=\"https:\/\/deuslex.de\/wp-content\/uploads\/2025\/12\/03-growth-trending-up.png\" alt=\"\" class=\"wp-image-113\" srcset=\"https:\/\/deuslex.de\/wp-content\/uploads\/2025\/12\/03-growth-trending-up.png 512w, https:\/\/deuslex.de\/wp-content\/uploads\/2025\/12\/03-growth-trending-up-300x300.png 300w, https:\/\/deuslex.de\/wp-content\/uploads\/2025\/12\/03-growth-trending-up-150x150.png 150w, https:\/\/deuslex.de\/wp-content\/uploads\/2025\/12\/03-growth-trending-up-12x12.png 12w\" sizes=\"auto, (max-width: 512px) 100vw, 512px\" \/><\/figure>\n\n\n\n<h2 class=\"wp-block-heading\" style=\"font-size:clamp(17.905px, 1.119rem + ((1vw - 3.2px) * 0.99), 28px);\"><strong>Growth Plan<\/strong><\/h2>\n<\/div>\n\n\n\n<h5 class=\"wp-block-heading has-text-align-center\">monthly\/sprint-based<\/h5>\n\n\n\n<p class=\"has-text-align-center\">Mehr Sichtbarkeit, bessere Conversion, mehr Anfragen.<\/p>\n\n\n\n<hr class=\"wp-block-separator has-alpha-channel-opacity\"\/>\n\n\n\n<ul class=\"wp-block-list is-style-checkmark-list\">\n<li>Landing pages for offers<\/li>\n\n\n\n<li>Conversion structure and CTAs<\/li>\n\n\n\n<li>Tracking basis and optimization<\/li>\n\n\n\n<li>SEO basics as a Foundation<\/li>\n<\/ul>\n\n\n\n<div class=\"wp-block-buttons is-horizontal is-content-justification-center is-layout-flex wp-container-core-buttons-is-layout-13aae253 wp-block-buttons-is-layout-flex\">\n<div class=\"wp-block-button\"><a class=\"wp-block-button__link wp-element-button\" href=\"https:\/\/deuslex.de\/en\/growthplan\/\">Growth Plan to watch<\/a><\/div>\n<\/div>\n<\/div>\n<\/div>\n<\/div>\n\n\n\n<hr class=\"wp-block-separator has-alpha-channel-opacity is-style-wide is-style-wide--5\"\/>\n\n\n\n<div style=\"height:15px\" aria-hidden=\"true\" class=\"wp-block-spacer\"><\/div>\n\n\n\n<div class=\"wp-block-group alignwide has-global-padding is-layout-constrained wp-block-group-is-layout-constrained\">\n<h2 class=\"wp-block-heading has-text-align-center\"><strong>Why this works<\/strong><\/h2>\n\n\n\n<h4 class=\"wp-block-heading has-text-align-center\">Because a website doesn't just have to look good. It has to be clear, build trust, and run smoothly.<\/h4>\n\n\n\n<div style=\"height:5px\" aria-hidden=\"true\" class=\"wp-block-spacer\"><\/div>\n\n\n\n<div class=\"wp-block-columns alignwide is-layout-flex wp-container-core-columns-is-layout-28f84493 wp-block-columns-is-layout-flex\">\n<div class=\"wp-block-column is-layout-flow wp-block-column-is-layout-flow\" style=\"border-width:1px;border-top-left-radius:45px;border-top-right-radius:45px;border-bottom-left-radius:45px;border-bottom-right-radius:45px;padding-top:5px;padding-right:5px;padding-bottom:5px;padding-left:5px\">\n<div class=\"wp-block-group is-content-justification-center is-nowrap is-layout-flex wp-container-core-group-is-layout-23441af8 wp-block-group-is-layout-flex\">\n<figure class=\"wp-block-image size-full wp-container-content-e1bb55cb\"><img loading=\"lazy\" decoding=\"async\" width=\"128\" height=\"128\" src=\"https:\/\/deuslex.de\/wp-content\/uploads\/2025\/12\/04-structure-layout-128.png\" alt=\"\" class=\"wp-image-114\" srcset=\"https:\/\/deuslex.de\/wp-content\/uploads\/2025\/12\/04-structure-layout-128.png 128w, https:\/\/deuslex.de\/wp-content\/uploads\/2025\/12\/04-structure-layout-128-12x12.png 12w\" sizes=\"auto, (max-width: 128px) 100vw, 128px\" \/><\/figure>\n\n\n\n<h2 class=\"wp-block-heading\" style=\"font-size:clamp(17.905px, 1.119rem + ((1vw - 3.2px) * 0.99), 28px);\"><strong>Clear Structure<\/strong><\/h2>\n<\/div>\n\n\n\n<p class=\"has-text-align-center\">Visitors immediately understand the offer and the next step.<\/p>\n<\/div>\n\n\n\n<div class=\"wp-block-column is-layout-flow wp-block-column-is-layout-flow\" style=\"border-width:1px;border-top-left-radius:45px;border-top-right-radius:45px;border-bottom-left-radius:45px;border-bottom-right-radius:45px;padding-top:5px;padding-right:5px;padding-bottom:5px;padding-left:5px\">\n<div class=\"wp-block-group is-content-justification-center is-nowrap is-layout-flex wp-container-core-group-is-layout-23441af8 wp-block-group-is-layout-flex\">\n<figure class=\"wp-block-image size-full wp-container-content-e1bb55cb\"><img loading=\"lazy\" decoding=\"async\" width=\"512\" height=\"512\" src=\"https:\/\/deuslex.de\/wp-content\/uploads\/2025\/12\/05-speed-timer.png\" alt=\"\" class=\"wp-image-115\" srcset=\"https:\/\/deuslex.de\/wp-content\/uploads\/2025\/12\/05-speed-timer.png 512w, https:\/\/deuslex.de\/wp-content\/uploads\/2025\/12\/05-speed-timer-300x300.png 300w, https:\/\/deuslex.de\/wp-content\/uploads\/2025\/12\/05-speed-timer-150x150.png 150w, https:\/\/deuslex.de\/wp-content\/uploads\/2025\/12\/05-speed-timer-12x12.png 12w\" sizes=\"auto, (max-width: 512px) 100vw, 512px\" \/><\/figure>\n\n\n\n<h2 class=\"wp-block-heading has-text-align-left\" style=\"font-size:clamp(17.905px, 1.119rem + ((1vw - 3.2px) * 0.99), 28px);\"><strong><strong>Rapid Implementation<\/strong><\/strong><\/h2>\n<\/div>\n\n\n\n<p class=\"has-text-align-center\">Short feedback rounds, no back and forth.<\/p>\n<\/div>\n\n\n\n<div class=\"wp-block-column is-layout-flow wp-block-column-is-layout-flow\" style=\"border-width:1px;border-top-left-radius:45px;border-top-right-radius:45px;border-bottom-left-radius:45px;border-bottom-right-radius:45px;padding-top:5px;padding-right:5px;padding-bottom:5px;padding-left:5px\">\n<div class=\"wp-block-group is-content-justification-center is-nowrap is-layout-flex wp-container-core-group-is-layout-23441af8 wp-block-group-is-layout-flex\">\n<figure class=\"wp-block-image size-full wp-container-content-e1bb55cb\"><img loading=\"lazy\" decoding=\"async\" width=\"512\" height=\"512\" src=\"https:\/\/deuslex.de\/wp-content\/uploads\/2025\/12\/06-tech-server.png\" alt=\"\" class=\"wp-image-116\" srcset=\"https:\/\/deuslex.de\/wp-content\/uploads\/2025\/12\/06-tech-server.png 512w, https:\/\/deuslex.de\/wp-content\/uploads\/2025\/12\/06-tech-server-300x300.png 300w, https:\/\/deuslex.de\/wp-content\/uploads\/2025\/12\/06-tech-server-150x150.png 150w, https:\/\/deuslex.de\/wp-content\/uploads\/2025\/12\/06-tech-server-12x12.png 12w\" sizes=\"auto, (max-width: 512px) 100vw, 512px\" \/><\/figure>\n\n\n\n<h2 class=\"wp-block-heading\" style=\"font-size:clamp(17.905px, 1.119rem + ((1vw - 3.2px) * 0.99), 28px);\"><strong>Technology that lasts<\/strong><\/h2>\n<\/div>\n\n\n\n<p class=\"has-text-align-center\">Mobile, quick, clean setup, expandable later.<\/p>\n<\/div>\n<\/div>\n\n\n\n<div class=\"wp-block-buttons is-content-justification-center is-layout-flex wp-container-core-buttons-is-layout-a89b3969 wp-block-buttons-is-layout-flex\">\n<div class=\"wp-block-button popmake-220\"><button type=\"button\" class=\"wp-block-button__link wp-element-button\">Request Project<\/button><\/div>\n<\/div>\n<\/div>","protected":false},"excerpt":{"rendered":"<p>Leistungen F\u00fcr alle, die professionell auftreten und mehr Anfragen generieren wollen. Selbstst\u00e4ndigeKlarer Auftritt. Fokus auf Anfrage. DienstleisterLeistungen verst\u00e4ndlich. Weniger R\u00fcckfragen. Kleine FirmenSeri\u00f6s und stabil. Saubere Struktur. StartupsSchnell online. Sp\u00e4ter erweiterbar Du startest mit einem Website Sprint. Danach entscheidest du, ob Betreuung oder Wachstum Sinn macht. Klarer Prozess, saubere Technik, Fokus auf Anfragen. Website Sprint 7 [&hellip;]<\/p>\n","protected":false},"author":1,"featured_media":0,"parent":0,"menu_order":0,"comment_status":"closed","ping_status":"closed","template":"page-no-title","meta":{"footnotes":""},"class_list":["post-20","page","type-page","status-publish","hentry"],"_links":{"self":[{"href":"https:\/\/deuslex.de\/en\/wp-json\/wp\/v2\/pages\/20","targetHints":{"allow":["GET"]}}],"collection":[{"href":"https:\/\/deuslex.de\/en\/wp-json\/wp\/v2\/pages"}],"about":[{"href":"https:\/\/deuslex.de\/en\/wp-json\/wp\/v2\/types\/page"}],"author":[{"embeddable":true,"href":"https:\/\/deuslex.de\/en\/wp-json\/wp\/v2\/users\/1"}],"replies":[{"embeddable":true,"href":"https:\/\/deuslex.de\/en\/wp-json\/wp\/v2\/comments?post=20"}],"version-history":[{"count":13,"href":"https:\/\/deuslex.de\/en\/wp-json\/wp\/v2\/pages\/20\/revisions"}],"predecessor-version":[{"id":308,"href":"https:\/\/deuslex.de\/en\/wp-json\/wp\/v2\/pages\/20\/revisions\/308"}],"wp:attachment":[{"href":"https:\/\/deuslex.de\/en\/wp-json\/wp\/v2\/media?parent=20"}],"curies":[{"name":"wp","href":"https:\/\/api.w.org\/{rel}","templated":true}]}}